{"id":3,"date":"2021-07-28T18:23:51","date_gmt":"2021-07-28T18:23:51","guid":{"rendered":"http:\/\/ranvier.pl\/?page_id=3"},"modified":"2025-10-02T21:11:59","modified_gmt":"2025-10-02T21:11:59","slug":"privacy-policy","status":"publish","type":"page","link":"https:\/\/www.ranvier.pl\/index.php\/privacy-policy\/","title":{"rendered":"Polityka prywatno\u015bci"},"content":{"rendered":"\t\t<div data-elementor-type=\"wp-page\" data-elementor-id=\"3\" class=\"elementor elementor-3\">\n\t\t\t\t\t\t<section class=\"elementor-section elementor-top-section elementor-element elementor-element-d6af9c2 elementor-section-boxed elementor-section-height-default elementor-section-height-default\" data-id=\"d6af9c2\" data-element_type=\"section\">\n\t\t\t\t\t\t<div class=\"elementor-container elementor-column-gap-default\">\n\t\t\t\t\t<div class=\"elementor-column elementor-col-100 elementor-top-column elementor-element elementor-element-7f9e9a46\" data-id=\"7f9e9a46\" data-element_type=\"column\">\n\t\t\t<div class=\"elementor-widget-wrap elementor-element-populated\">\n\t\t\t\t\t\t<div class=\"elementor-element elementor-element-2b0cad90 elementor-widget elementor-widget-text-editor\" data-id=\"2b0cad90\" data-element_type=\"widget\" data-widget_type=\"text-editor.default\">\n\t\t\t\t<div class=\"elementor-widget-container\">\n\t\t\t<style>\/*! elementor - v3.22.0 - 26-06-2024 *\/\n.elementor-widget-text-editor.elementor-drop-cap-view-stacked .elementor-drop-cap{background-color:#69727d;color:#fff}.elementor-widget-text-editor.elementor-drop-cap-view-framed .elementor-drop-cap{color:#69727d;border:3px solid;background-color:transparent}.elementor-widget-text-editor:not(.elementor-drop-cap-view-default) .elementor-drop-cap{margin-top:8px}.elementor-widget-text-editor:not(.elementor-drop-cap-view-default) .elementor-drop-cap-letter{width:1em;height:1em}.elementor-widget-text-editor .elementor-drop-cap{float:left;text-align:center;line-height:1;font-size:50px}.elementor-widget-text-editor .elementor-drop-cap-letter{display:inline-block}<\/style>\t\t\t\t<p><!-- wp:heading --><\/p>\n<h2>&nbsp;<\/h2>\n<p><!-- \/wp:heading --><\/p>\n<p><!-- wp:paragraph --><\/p>\n<p style=\"text-align: justify;\">Polityka prywatno\u015bci serwisu www.ranvier.pl<\/p>\n<p style=\"margin-left: 36.0pt; mso-add-space: auto; text-align: justify; text-indent: -18.0pt; mso-list: l1 level1 lfo1;\"><!-- [if !supportLists]-->1.<span style=\"font-variant-numeric: normal; font-variant-east-asian: normal; font-stretch: normal; font-size: 7pt; line-height: normal; font-family: 'Times New Roman';\">&nbsp;&nbsp;&nbsp; <\/span><!--[endif]-->Informacje og\u00f3lne<\/p>\n<p style=\"text-align: justify;\">Niniejsza Polityka Prywatno\u015bci okre\u015bla zasady przetwarzania i ochrony danych osobowych przekazanych przez U\u017cytkownik\u00f3w w zwi\u0105zku z korzystaniem przez nich us\u0142ug Ranvier Sp. z o.o. poprzez Serwis.<\/p>\n<p style=\"text-align: justify;\">2. Administratorem danych osobowych zawartych w serwisie jest<\/p>\n<p style=\"text-align: justify;\">Ranvier Sp. z o.o.&nbsp; z siedzib\u0105 w Przysieku&nbsp; NIP: 879-276-79-09<\/p>\n<p style=\"text-align: justify;\">3. W trosce o bezpiecze\u0144stwo powierzonych nam danych opracowali\u015bmy wewn\u0119trzne procedury i zalecenia, kt\u00f3re maj\u0105 zapobiec udost\u0119pnieniu danych osobom nieupowa\u017cnionym. Kontrolujemy ich wykonywanie i stale sprawdzamy ich zgodno\u015b\u0107 z odpowiednimi aktami prawnymi &#8211; ustaw\u0105 o ochronie danych osobowych, ustaw\u0105 o \u015bwiadczeniu us\u0142ug drog\u0105 elektroniczn\u0105, a tak\u017ce wszelkiego rodzaju aktach wykonawczych i aktach prawa wsp\u00f3lnotowego.<\/p>\n<p style=\"text-align: justify;\">4. Dane Osobowe przetwarzane s\u0105 na podstawie zgody wyra\u017canej przez U\u017cytkownika oraz w przypadkach, w kt\u00f3rych przepisy prawa upowa\u017cniaj\u0105 Administratora do przetwarzania danych osobowych na podstawie przepis\u00f3w prawa lub w celu realizacji zawartej pomi\u0119dzy stronami umowy.<\/p>\n<p style=\"text-align: justify;\">5. Serwis realizuje funkcje pozyskiwania informacji o u\u017cytkownikach i ich zachowaniach w nast\u0119puj\u0105cy spos\u00f3b:<\/p>\n<p style=\"margin-left: 36.0pt; mso-add-space: auto; text-align: justify; text-indent: -18.0pt; mso-list: l0 level1 lfo2;\"><!-- [if !supportLists]-->a)<span style=\"font-variant-numeric: normal; font-variant-east-asian: normal; font-stretch: normal; font-size: 7pt; line-height: normal; font-family: 'Times New Roman';\">&nbsp;&nbsp;&nbsp; <\/span><!--[endif]-->poprzez dobrowolnie wprowadzone w formularzach informacje<\/p>\n<p style=\"margin-left: 36.0pt; mso-add-space: auto; text-align: justify; text-indent: -18.0pt; mso-list: l0 level1 lfo2;\"><!-- [if !supportLists]-->b)<span style=\"font-variant-numeric: normal; font-variant-east-asian: normal; font-stretch: normal; font-size: 7pt; line-height: normal; font-family: 'Times New Roman';\">&nbsp;&nbsp;&nbsp; <\/span><!--[endif]-->poprzez gromadzenie plik\u00f3w \u201ccookies\u201d [patrz polityka plik\u00f3w \u201ccookies\u201d].<\/p>\n<p style=\"text-align: justify;\">6. Serwis zbiera informacje dobrowolnie podane przez u\u017cytkownika.<\/p>\n<p style=\"text-align: justify;\">7. dane podane w formularzu s\u0105 przetwarzane w celu wynikaj\u0105cym z funkcji konkretnego formularza np. w celu dokonania procesu obs\u0142ugi kontaktu informacyjnego<\/p>\n<p style=\"text-align: justify;\">8. Dane osobowe pozostawione w serwisie nie zostan\u0105 sprzedane ani udost\u0119pnione osobom trzecim, zgodnie z przepisami Ustawy o ochronie danych osobowych.<\/p>\n<p style=\"text-align: justify;\">9. Do danych zawartych w formularzu przys\u0142uguje wgl\u0105d osobie fizycznej, kt\u00f3ra je tam umie\u015bci\u0142a. Osoba ta ma r\u00f3wnie\u017c praw do modyfikacji i zaprzestania przetwarzania swoich danych w dowolnym momencie.<\/p>\n<p style=\"text-align: justify;\">10. Zastrzegamy sobie prawo do zmiany w polityce ochrony prywatno\u015bci serwisu, na kt\u00f3re mo\u017ce wp\u0142yn\u0105\u0107 rozw\u00f3j technologii internetowej, ewentualne zmiany prawa w zakresie ochrony danych osobowych oraz rozw\u00f3j naszego serwisu internetowego. O wszelkich zmianach b\u0119dziemy informowa\u0107 w spos\u00f3b widoczny i zrozumia\u0142y.<\/p>\n<p style=\"text-align: justify;\">11. W Serwisie mog\u0105 pojawia\u0107 si\u0119 linki do innych stron internetowych. Takie strony internetowe dzia\u0142aj\u0105 niezale\u017cnie od Serwisu i nie s\u0105 w \u017caden spos\u00f3b nadzorowane przez serwis www.ranvier.pl. Strony te mog\u0105 posiada\u0107 w\u0142asne polityki dotycz\u0105ce prywatno\u015bci oraz regulaminy, z kt\u00f3rymi zalecamy si\u0119 zapozna\u0107.<\/p>\n<p><\/p>\n<p style=\"text-align: justify;\">W razie w\u0105tpliwo\u015bci co kt\u00f3regokolwiek z zapis\u00f3w niniejszej polityki prywatno\u015bci jeste\u015bmy do dyspozycji &#8211; nasze dane znale\u017a\u0107 mo\u017cna w zak\u0142adce &#8211; KONTAKT.<\/p>\n<p><!-- \/wp:paragraph --><\/p>\n<p><!-- wp:heading --><\/p>\n<h2>&nbsp;<\/h2>\n<p><!-- \/wp:paragraph --><\/p>\t\t\t\t\t\t<\/div>\n\t\t\t\t<\/div>\n\t\t\t\t\t<\/div>\n\t\t<\/div>\n\t\t\t\t\t<\/div>\n\t\t<\/section>\n\t\t\t\t<\/div>\n\t\t","protected":false},"excerpt":{"rendered":"<p>&nbsp; Polityka prywatno\u015bci serwisu www.ranvier.pl 1.&nbsp;&nbsp;&nbsp; Informacje og\u00f3lne Niniejsza Polityka Prywatno\u015bci okre\u015bla zasady przetwarzania i ochrony danych osobowych przekazanych przez [&hellip;]<\/p>\n","protected":false},"author":1,"featured_media":0,"parent":0,"menu_order":0,"comment_status":"closed","ping_status":"closed","template":"elementor_theme","meta":{"footnotes":""},"yoast_head":"<!-- This site is optimized with the Yoast SEO plugin v23.0 - https:\/\/yoast.com\/wordpress\/plugins\/seo\/ -->\n<title>Polityka prywatno\u015bci - Ranvier Sp. z o.o.<\/title>\n<meta name=\"robots\" content=\"noindex, nofollow\" \/>\n<meta property=\"og:locale\" content=\"pl_PL\" \/>\n<meta property=\"og:type\" content=\"article\" \/>\n<meta property=\"og:title\" content=\"Polityka prywatno\u015bci - Ranvier Sp. z o.o.\" \/>\n<meta property=\"og:description\" content=\"&nbsp; Polityka prywatno\u015bci serwisu www.ranvier.pl 1.&nbsp;&nbsp;&nbsp; Informacje og\u00f3lne Niniejsza Polityka Prywatno\u015bci okre\u015bla zasady przetwarzania i ochrony danych osobowych przekazanych przez [&hellip;]\" \/>\n<meta property=\"og:url\" content=\"https:\/\/www.ranvier.pl\/index.php\/privacy-policy\/\" \/>\n<meta property=\"og:site_name\" content=\"Ranvier Sp. z o.o.\" \/>\n<meta property=\"article:modified_time\" content=\"2025-10-02T21:11:59+00:00\" \/>\n<meta property=\"og:image\" content=\"https:\/\/www.ranvier.pl\/wp-content\/uploads\/2024\/06\/cropped-obraze-ranvier-www.png\" \/>\n\t<meta property=\"og:image:width\" content=\"512\" \/>\n\t<meta property=\"og:image:height\" content=\"512\" \/>\n\t<meta property=\"og:image:type\" content=\"image\/png\" \/>\n<meta name=\"twitter:card\" content=\"summary_large_image\" \/>\n<meta name=\"twitter:label1\" content=\"Szacowany czas czytania\" \/>\n\t<meta name=\"twitter:data1\" content=\"3 minuty\" \/>\n<script type=\"application\/ld+json\" class=\"yoast-schema-graph\">{\"@context\":\"https:\/\/schema.org\",\"@graph\":[{\"@type\":\"WebPage\",\"@id\":\"https:\/\/www.ranvier.pl\/index.php\/privacy-policy\/\",\"url\":\"https:\/\/www.ranvier.pl\/index.php\/privacy-policy\/\",\"name\":\"Polityka prywatno\u015bci - Ranvier Sp. z o.o.\",\"isPartOf\":{\"@id\":\"https:\/\/www.ranvier.pl\/#website\"},\"datePublished\":\"2021-07-28T18:23:51+00:00\",\"dateModified\":\"2025-10-02T21:11:59+00:00\",\"breadcrumb\":{\"@id\":\"https:\/\/www.ranvier.pl\/index.php\/privacy-policy\/#breadcrumb\"},\"inLanguage\":\"pl-PL\",\"potentialAction\":[{\"@type\":\"ReadAction\",\"target\":[\"https:\/\/www.ranvier.pl\/index.php\/privacy-policy\/\"]}]},{\"@type\":\"BreadcrumbList\",\"@id\":\"https:\/\/www.ranvier.pl\/index.php\/privacy-policy\/#breadcrumb\",\"itemListElement\":[{\"@type\":\"ListItem\",\"position\":1,\"name\":\"Strona g\u0142\u00f3wna\",\"item\":\"https:\/\/www.ranvier.pl\/\"},{\"@type\":\"ListItem\",\"position\":2,\"name\":\"Polityka prywatno\u015bci\"}]},{\"@type\":\"WebSite\",\"@id\":\"https:\/\/www.ranvier.pl\/#website\",\"url\":\"https:\/\/www.ranvier.pl\/\",\"name\":\"Ranvier Anna Korzybska\",\"description\":\"To my gonimy terminy!\",\"publisher\":{\"@id\":\"https:\/\/www.ranvier.pl\/#organization\"},\"alternateName\":\"Ranvier\",\"potentialAction\":[{\"@type\":\"SearchAction\",\"target\":{\"@type\":\"EntryPoint\",\"urlTemplate\":\"https:\/\/www.ranvier.pl\/?s={search_term_string}\"},\"query-input\":\"required name=search_term_string\"}],\"inLanguage\":\"pl-PL\"},{\"@type\":\"Organization\",\"@id\":\"https:\/\/www.ranvier.pl\/#organization\",\"name\":\"Ranvier Anna Korzybska\",\"alternateName\":\"Ranvier\",\"url\":\"https:\/\/www.ranvier.pl\/\",\"logo\":{\"@type\":\"ImageObject\",\"inLanguage\":\"pl-PL\",\"@id\":\"https:\/\/www.ranvier.pl\/#\/schema\/logo\/image\/\",\"url\":\"https:\/\/www.ranvier.pl\/wp-content\/uploads\/2024\/06\/cropped-obraze-ranvier-www.png\",\"contentUrl\":\"https:\/\/www.ranvier.pl\/wp-content\/uploads\/2024\/06\/cropped-obraze-ranvier-www.png\",\"width\":512,\"height\":512,\"caption\":\"Ranvier Anna Korzybska\"},\"image\":{\"@id\":\"https:\/\/www.ranvier.pl\/#\/schema\/logo\/image\/\"}}]}<\/script>\n<!-- \/ Yoast SEO plugin. -->","yoast_head_json":{"title":"Polityka prywatno\u015bci - Ranvier Sp. z o.o.","robots":{"index":"noindex","follow":"nofollow"},"og_locale":"pl_PL","og_type":"article","og_title":"Polityka prywatno\u015bci - Ranvier Sp. z o.o.","og_description":"&nbsp; Polityka prywatno\u015bci serwisu www.ranvier.pl 1.&nbsp;&nbsp;&nbsp; Informacje og\u00f3lne Niniejsza Polityka Prywatno\u015bci okre\u015bla zasady przetwarzania i ochrony danych osobowych przekazanych przez [&hellip;]","og_url":"https:\/\/www.ranvier.pl\/index.php\/privacy-policy\/","og_site_name":"Ranvier Sp. z o.o.","article_modified_time":"2025-10-02T21:11:59+00:00","og_image":[{"width":512,"height":512,"url":"https:\/\/www.ranvier.pl\/wp-content\/uploads\/2024\/06\/cropped-obraze-ranvier-www.png","type":"image\/png"}],"twitter_card":"summary_large_image","twitter_misc":{"Szacowany czas czytania":"3 minuty"},"schema":{"@context":"https:\/\/schema.org","@graph":[{"@type":"WebPage","@id":"https:\/\/www.ranvier.pl\/index.php\/privacy-policy\/","url":"https:\/\/www.ranvier.pl\/index.php\/privacy-policy\/","name":"Polityka prywatno\u015bci - Ranvier Sp. z o.o.","isPartOf":{"@id":"https:\/\/www.ranvier.pl\/#website"},"datePublished":"2021-07-28T18:23:51+00:00","dateModified":"2025-10-02T21:11:59+00:00","breadcrumb":{"@id":"https:\/\/www.ranvier.pl\/index.php\/privacy-policy\/#breadcrumb"},"inLanguage":"pl-PL","potentialAction":[{"@type":"ReadAction","target":["https:\/\/www.ranvier.pl\/index.php\/privacy-policy\/"]}]},{"@type":"BreadcrumbList","@id":"https:\/\/www.ranvier.pl\/index.php\/privacy-policy\/#breadcrumb","itemListElement":[{"@type":"ListItem","position":1,"name":"Strona g\u0142\u00f3wna","item":"https:\/\/www.ranvier.pl\/"},{"@type":"ListItem","position":2,"name":"Polityka prywatno\u015bci"}]},{"@type":"WebSite","@id":"https:\/\/www.ranvier.pl\/#website","url":"https:\/\/www.ranvier.pl\/","name":"Ranvier Anna Korzybska","description":"To my gonimy terminy!","publisher":{"@id":"https:\/\/www.ranvier.pl\/#organization"},"alternateName":"Ranvier","potentialAction":[{"@type":"SearchAction","target":{"@type":"EntryPoint","urlTemplate":"https:\/\/www.ranvier.pl\/?s={search_term_string}"},"query-input":"required name=search_term_string"}],"inLanguage":"pl-PL"},{"@type":"Organization","@id":"https:\/\/www.ranvier.pl\/#organization","name":"Ranvier Anna Korzybska","alternateName":"Ranvier","url":"https:\/\/www.ranvier.pl\/","logo":{"@type":"ImageObject","inLanguage":"pl-PL","@id":"https:\/\/www.ranvier.pl\/#\/schema\/logo\/image\/","url":"https:\/\/www.ranvier.pl\/wp-content\/uploads\/2024\/06\/cropped-obraze-ranvier-www.png","contentUrl":"https:\/\/www.ranvier.pl\/wp-content\/uploads\/2024\/06\/cropped-obraze-ranvier-www.png","width":512,"height":512,"caption":"Ranvier Anna Korzybska"},"image":{"@id":"https:\/\/www.ranvier.pl\/#\/schema\/logo\/image\/"}}]}},"_links":{"self":[{"href":"https:\/\/www.ranvier.pl\/index.php\/wp-json\/wp\/v2\/pages\/3"}],"collection":[{"href":"https:\/\/www.ranvier.pl\/index.php\/wp-json\/wp\/v2\/pages"}],"about":[{"href":"https:\/\/www.ranvier.pl\/index.php\/wp-json\/wp\/v2\/types\/page"}],"author":[{"embeddable":true,"href":"https:\/\/www.ranvier.pl\/index.php\/wp-json\/wp\/v2\/users\/1"}],"replies":[{"embeddable":true,"href":"https:\/\/www.ranvier.pl\/index.php\/wp-json\/wp\/v2\/comments?post=3"}],"version-history":[{"count":17,"href":"https:\/\/www.ranvier.pl\/index.php\/wp-json\/wp\/v2\/pages\/3\/revisions"}],"predecessor-version":[{"id":1603,"href":"https:\/\/www.ranvier.pl\/index.php\/wp-json\/wp\/v2\/pages\/3\/revisions\/1603"}],"wp:attachment":[{"href":"https:\/\/www.ranvier.pl\/index.php\/wp-json\/wp\/v2\/media?parent=3"}],"curies":[{"name":"wp","href":"https:\/\/api.w.org\/{rel}","templated":true}]}}