{"id":855,"date":"2021-09-12T17:15:06","date_gmt":"2021-09-12T17:15:06","guid":{"rendered":"https:\/\/www.ranvier.pl\/?page_id=855"},"modified":"2024-02-03T12:42:54","modified_gmt":"2024-02-03T12:42:54","slug":"ogolne-warunki-wspolpracy","status":"publish","type":"page","link":"https:\/\/www.ranvier.pl\/index.php\/ogolne-warunki-wspolpracy\/","title":{"rendered":"Og\u00f3lne warunki wsp\u00f3\u0142pracy"},"content":{"rendered":"\t\t<div data-elementor-type=\"wp-page\" data-elementor-id=\"855\" class=\"elementor elementor-855\">\n\t\t\t\t\t\t<section class=\"elementor-section elementor-top-section elementor-element elementor-element-efb2806 elementor-section-boxed elementor-section-height-default elementor-section-height-default\" data-id=\"efb2806\" data-element_type=\"section\">\n\t\t\t\t\t\t<div class=\"elementor-container elementor-column-gap-default\">\n\t\t\t\t\t<div class=\"elementor-column elementor-col-100 elementor-top-column elementor-element elementor-element-ef97077\" data-id=\"ef97077\" data-element_type=\"column\">\n\t\t\t<div class=\"elementor-widget-wrap elementor-element-populated\">\n\t\t\t\t\t\t<div class=\"elementor-element elementor-element-e16af7c elementor-widget elementor-widget-heading\" data-id=\"e16af7c\" data-element_type=\"widget\" data-widget_type=\"heading.default\">\n\t\t\t\t<div class=\"elementor-widget-container\">\n\t\t\t<style>\/*! elementor - v3.22.0 - 26-06-2024 *\/\n.elementor-heading-title{padding:0;margin:0;line-height:1}.elementor-widget-heading .elementor-heading-title[class*=elementor-size-]>a{color:inherit;font-size:inherit;line-height:inherit}.elementor-widget-heading .elementor-heading-title.elementor-size-small{font-size:15px}.elementor-widget-heading .elementor-heading-title.elementor-size-medium{font-size:19px}.elementor-widget-heading .elementor-heading-title.elementor-size-large{font-size:29px}.elementor-widget-heading .elementor-heading-title.elementor-size-xl{font-size:39px}.elementor-widget-heading .elementor-heading-title.elementor-size-xxl{font-size:59px}<\/style><h2 class=\"elementor-heading-title elementor-size-default\">Og\u00f3lne Warunki Wsp\u00f3\u0142pracy<br>Ranvier Anna Korzybska z siedzib\u0105 w Przysieku<\/h2>\t\t<\/div>\n\t\t\t\t<\/div>\n\t\t\t\t\t<\/div>\n\t\t<\/div>\n\t\t\t\t\t<\/div>\n\t\t<\/section>\n\t\t\t\t<section class=\"elementor-section elementor-top-section elementor-element elementor-element-79824137 elementor-section-boxed elementor-section-height-default elementor-section-height-default\" data-id=\"79824137\" data-element_type=\"section\">\n\t\t\t\t\t\t<div class=\"elementor-container elementor-column-gap-default\">\n\t\t\t\t\t<div class=\"elementor-column elementor-col-100 elementor-top-column elementor-element elementor-element-6d662a6b\" data-id=\"6d662a6b\" data-element_type=\"column\">\n\t\t\t<div class=\"elementor-widget-wrap elementor-element-populated\">\n\t\t\t\t\t\t<div class=\"elementor-element elementor-element-7b61be34 elementor-widget elementor-widget-text-editor\" data-id=\"7b61be34\" data-element_type=\"widget\" data-widget_type=\"text-editor.default\">\n\t\t\t\t<div class=\"elementor-widget-container\">\n\t\t\t<style>\/*! elementor - v3.22.0 - 26-06-2024 *\/\n.elementor-widget-text-editor.elementor-drop-cap-view-stacked .elementor-drop-cap{background-color:#69727d;color:#fff}.elementor-widget-text-editor.elementor-drop-cap-view-framed .elementor-drop-cap{color:#69727d;border:3px solid;background-color:transparent}.elementor-widget-text-editor:not(.elementor-drop-cap-view-default) .elementor-drop-cap{margin-top:8px}.elementor-widget-text-editor:not(.elementor-drop-cap-view-default) .elementor-drop-cap-letter{width:1em;height:1em}.elementor-widget-text-editor .elementor-drop-cap{float:left;text-align:center;line-height:1;font-size:50px}.elementor-widget-text-editor .elementor-drop-cap-letter{display:inline-block}<\/style>\t\t\t\t<p><!-- wp:list {\"ordered\":true,\"type\":\"I\"} --><\/p>\n<p>I. <strong>Postanowienia og\u00f3lne<\/strong><\/p>\n<p>1. Niniejszy regulamin okre\u015bla zasady na jakich Zleceniobiorca \u2013 Ranvier Anna Korzybska z siedzib\u0105 w Przysieku (87-134) przy ul. Kanarkowej 4 wpisany do Centralnej Ewidencji i Informacji o Dzia\u0142alno\u015bci Gospodarczej pod numerem NIP: 9562296588, REGON: &nbsp;(zwany dalej jako RANVIER), zobowi\u0105zuje si\u0119 wykonywa\u0107 zlecenia przewozowe.<\/p>\n<p>2. RANVIER wykonuje przew\u00f3z na podstawie umowy zawartej ze Zleceniodawc\u0105, w tym zawartej w trybie ofertowym.<\/p>\n<p><!-- \/wp:list --><\/p>\n<p><!-- wp:list {\"ordered\":true,\"type\":\"I\"} --><\/p>\n<p>II. <strong>Zlecenie przewozu i przyj\u0119cie zlecenia<\/strong><\/p>\n<p>1. W ka\u017cdym przypadku otrzymania przez RANVIER oferty zawarcia umowy przewozu, przyj\u0119cie oferty mo\u017ce nast\u0105pi\u0107 jedynie na podstawie wyra\u017anej odpowiedzi RANVIER, zawieraj\u0105cej o\u015bwiadczenie o jej przyj\u0119ciu. Wy\u0142\u0105cza si\u0119 stosowanie przepisu art. 682 kodeksu cywilnego.<\/p>\n<p>2. Brak potwierdzenia przyj\u0119cia oferty zawarcia umowy nie mo\u017ce skutkowa\u0107 obci\u0105\u017ceniem RANVIER karami umownymi.<\/p>\n<p>3. Ka\u017cdorazowe wyra\u017ane przyj\u0119cie oferty przez RANVIER jest r\u00f3wnoznaczne z przyj\u0119ciem oferty z zastrze\u017ceniem zmian lub uzupe\u0142nie\u0144 jej tre\u015bci wynikaj\u0105cych z postanowie\u0144 og\u00f3lnych warunk\u00f3w zlecenia stosowanych przez RANVIER.<\/p>\n<p>4. Je\u017celi w ci\u0105gu 30 minut liczonych od chwili otrzymania przez Zleceniodawc\u0119 wyra\u017anego potwierdzenia RANVIER o przyj\u0119ciu oferty, Zleceniodawca nie wyrazi sprzeciwu co do wprowadzenia zmian lub uzupe\u0142nie\u0144 do tre\u015bci oferty wynikaj\u0105cych z og\u00f3lnych warunk\u00f3w zlecenia stosowanych przez RANVIER, strony zostaj\u0105 zwi\u0105zane umow\u0105 o tre\u015bci okre\u015blonej w ofercie zmienionej lub uzupe\u0142nionej postanowieniami og\u00f3lnych warunk\u00f3w zlecenia stosowanych przez RANVIER.W przypadku wyra\u017cenia sprzeciwu przez Zleceniodawc\u0119 co do wprowadzenia zmian lub uzupe\u0142nie\u0144 do tre\u015bci oferty wynikaj\u0105cych z og\u00f3lnych warunk\u00f3w zlecenia stosowanych przez RANVIER, umow\u0119 uwa\u017ca si\u0119 za niezawart\u0105.<\/p>\n<p>5. W razie w\u0105tpliwo\u015bci umow\u0119 poczytuje si\u0119 za zawart\u0105 w chwili otrzymania przez Zleceniodawc\u0119 wyra\u017anego o\u015bwiadczenia RANVIER o przyj\u0119ciu oferty.<\/p>\n<p>6. Od chwili zwi\u0105zania stron umow\u0105 zgodn\u0105 z tre\u015bci\u0105 oferty zmienionej lub uzupe\u0142nionej og\u00f3lnymi warunkami zlecenia stosowanymi przez RANVIER, strony obowi\u0105zane s\u0105 do nale\u017cytej staranno\u015bci przy wykonywaniu umowy. Od tej chwili strony ponosz\u0105 odpowiedzialno\u015b\u0107 za niewykonanie lub nienale\u017cyte wykonanie zobowi\u0105zania na zasadach og\u00f3lnych, z zastrze\u017ceniem ust. IV pkt 1 niniejszych og\u00f3lnych warunk\u00f3w zlece\u0144.<\/p>\n<p><strong>7. <\/strong>W przypadku anulowania zlecenia przez Zleceniodawc\u0119 w dniu za\u0142adunku towaru, Zleceniodawca zobowi\u0105zany jest do zap\u0142aty na rzecz RANVIER kary umownej w kwocie r\u00f3wnowartej 1\/2 frachtu.<\/p>\n<p><!-- \/wp:list --><\/p>\n<p><!-- wp:list {\"ordered\":true,\"type\":\"I\"} --><\/p>\n<p><strong>III. Wykonanie zlecenia<\/strong>1. RANVIER mo\u017ce powierzy\u0107 osobie trzeciej wykonanie zlecenia, w szczeg\u00f3lno\u015bci gdy brak osobistego dzia\u0142ania uzasadniony jest okoliczno\u015bciami towarzysz\u0105cymi zleceniu. RANVIER nie ponosi odpowiedzialno\u015bci za czynno\u015bci osoby trzeciej, kt\u00f3rej powierzy\u0142 wykonanie zlecenia b\u0119d\u0105c do tego powierzenia uprawnionym.<\/p>\n<p>2. W okoliczno\u015bciach uzasadniaj\u0105cych zmian\u0119 sposobu wykonania zlecenia RANVIER mo\u017ce odst\u0105pi\u0107 od sposobu wykonania zlecenia wskazanego przez Zleceniodawc\u0119 bez uprzedniego uzyskania jego zgody.<\/p>\n<p>3. Uprawnione powierzenie wykonania zlecenia osobie trzeciej lub uprawniona zmiana sposobu wykonania zlecenia nie mo\u017ce powodowa\u0107 obci\u0105\u017cenia RANVIER karami umownymi, jak r\u00f3wnie\u017c odst\u0105pienia od zap\u0142aty wynagrodzenia, obni\u017cenia stawki frachtowej, a tak\u017ce wyd\u0142u\u017cenia terminu p\u0142atno\u015bci ponad termin wskazany przez RANVIER na fakturze VAT dotycz\u0105cej zlecenia.<\/p>\n<p>4. RANVIER realizuje przew\u00f3z w terminach oznaczonych w zleceniu. W przypadku trudnych do usuni\u0119cia przeszk\u00f3d RANVIER mo\u017ce odst\u0105pi\u0107 od termin\u00f3w realizacji przewozu wskazanych w zleceniu.<\/p>\n<p><\/p>\n<p>5. Uchybienie przez RANVIER terminom przewozu oznaczonym w zleceniu zgodnie z pkt 4 nie mo\u017ce skutkowa\u0107 obci\u0105\u017ceniem RANVIER karami umownymi, jak r\u00f3wnie\u017c odst\u0105pieniem od zap\u0142aty wynagrodzenia, obni\u017ceniem stawki frachtowej, a tak\u017ce wyd\u0142u\u017ceniem terminu p\u0142atno\u015bci ponad termin wskazany przez RANVIER na fakturze VAT dotycz\u0105cej zlecenia. Brak potwierdzenia statusu realizacji zlecenia nie mo\u017ce skutkowa\u0107 obci\u0105\u017ceniem RANVIER karami umownymi, jak r\u00f3wnie\u017c odst\u0105pieniem od zap\u0142aty wynagrodzenia, obni\u017ceniem stawki frachtowej, a tak\u017ce wyd\u0142u\u017ceniem terminu p\u0142atno\u015bci ponad termin wskazany przez RANVIER na fakturze VAT dotycz\u0105cej zlecenia.<\/p>\n<p>6. RANVIER sporz\u0105dza dokumentacj\u0119 przewozow\u0105 i dor\u0119cza j\u0105 Zleceniodawcy w terminie zale\u017cnym od charakteru danego zlecenia, w tym w szczeg\u00f3lno\u015bci od sposobu jego realizacji.<\/p>\n<p>7. Brak dostarczenia dokumentacji przewozowej w terminie oznaczonym w tre\u015bci zlecenia lub wzorcach umownych stosowanych przez Zleceniodawc\u0119 nie mo\u017ce skutkowa\u0107 obci\u0105\u017ceniem RANVIER karami umownymi, jak r\u00f3wnie\u017c odst\u0105pieniem od zap\u0142aty wynagrodzenia, obni\u017ceniem stawki frachtowej, a tak\u017ce wyd\u0142u\u017ceniem terminu p\u0142atno\u015bci ponad termin wskazany przez RANVIER na fakturze VAT dotycz\u0105cej zlecenia.<\/p>\n<p>8. W przypadku dor\u0119czenia niekompletnej, obarczonej b\u0142\u0119dami lub nieuporz\u0105dkowanej dokumentacji przewozowej RANVIER zastrzega sobie prawo do dokonania dor\u0119czenia uzupe\u0142niaj\u0105cego. Wy\u0142\u0105czone jest obci\u0105\u017cenie RANVIER karami umownymi i innymi op\u0142atami tytu\u0142em dor\u0119czenia niekompletnej, obarczonej b\u0142\u0119dami lub nieuporz\u0105dkowanej dokumentacji przewozowej, w tym wy\u0142\u0105czone jest odst\u0105pienie od zap\u0142aty wynagrodzenia, obni\u017cenie wysoko\u015bci um\u00f3wionej stawki frachtowej, a tak\u017ce wyd\u0142u\u017cenie terminu p\u0142atno\u015bci ponad termin wskazany przez RANVIER na fakturze VAT dotycz\u0105cej zlecenia.<\/p>\n<p>9. Wynagrodzenie za wykonanie zlecenia przewozowego p\u0142atne jest w terminie maksymalnie 30 dni, chyba, \u017ce w zleceniu Zleceniodawcy zastrze\u017cono kr\u00f3tszy dni od dnia wykonania us\u0142ugi przez RANVIER.<\/p>\n<p>10. RANVIER wykonuje obowi\u0105zki informacyjne zwi\u0105zane z realizacj\u0105 zlecenia przewozowego. W przypadku zaistnienia okoliczno\u015bci utrudniaj\u0105cych lub uniemo\u017cliwiaj\u0105cych realizacj\u0119 obowi\u0105zk\u00f3w informacyjnych RANVIER mo\u017ce odst\u0105pi\u0107 od bie\u017c\u0105cego informowania Zleceniodawcy o przebiegu wykonania zlecenia.<\/p>\n<p><!-- \/wp:list --><\/p>\n<p><!-- wp:paragraph --><\/p>\n<p>11. Zaniechanie przez RANVIER wykonywania obowi\u0105zku informacyjnego w warunkach okre\u015blonych w pkt. 9 nie mo\u017ce zosta\u0107 uznane za nienale\u017cyte wykonywanie umowy i nie mo\u017ce skutkowa\u0107 obci\u0105\u017ceniem RANVIER karami umownymi, jak r\u00f3wnie\u017c odst\u0105pieniem od zap\u0142aty wynagrodzenia, obni\u017ceniem stawki frachtowej, a tak\u017ce wyd\u0142u\u017ceniem terminu p\u0142atno\u015bci ponad termin wskazany przez RANVIER na fakturze VAT dotycz\u0105cej zlecenia.<\/p>\n<p><!-- \/wp:paragraph --><\/p>\n<p><!-- wp:paragraph --><\/p>\n<p>12. Realizacja zlecenia przez RANVIER odbywa si\u0119 bez wymiany palet (Gitterbox, skrzyniopalet, europalet i innych pojemnik\u00f3w) w miejscu za\u0142adunku i roz\u0142adunku. Inne warunki realizacji zlecenia mog\u0105 zosta\u0107 ustalone wy\u0142\u0105cznie w oparciu o wyra\u017an\u0105 zgod\u0119 RANVIER.<\/p>\n<p><!-- \/wp:paragraph --><\/p>\n<p><!-- wp:paragraph --><\/p>\n<p>13. Realizacja zlecenia przez RANVIER odbywa si\u0119 bez obci\u0105\u017cania RANVIER kosztami obs\u0142ugi zwi\u0105zanymi z transportem. Niniejsze og\u00f3lne warunki zlecenia wy\u0142\u0105czaj\u0105 obci\u0105\u017cenia RANVIER takimi kosztami z jakiegokolwiek tytu\u0142u.<\/p>\n<p><!-- \/wp:paragraph --><\/p>\n<p><!-- wp:paragraph --><\/p>\n<p>14. W przypadku, gdy RANVIER by\u0142 got\u00f3w wykona\u0107 zlecenie, ale dozna\u0142 przeszk\u00f3d w jego realizacji z przyczyn le\u017c\u0105cych po stronie Zleceniodawcy, w szczeg\u00f3lno\u015bci, gdy realizacja zlecenia zostanie wy\u0142\u0105czona wskutek braku towaru w um\u00f3wionym miejscu za\u0142adunku, Zleceniodawca zobowi\u0105zany jest do zap\u0142aty na rzecz RANVIER kary umownej w wysoko\u015bci \u00be ustalonego frachtu.<\/p>\n<p><!-- \/wp:paragraph --><\/p>\n<p><!-- wp:paragraph --><\/p>\n<p>15. W przypadku, gdy w trakcie wykonywania zlecenia przez RANVIER z przyczyn le\u017c\u0105cych po stronie Zleceniodawcy dojdzie do przekroczenia czasu wolnego postoju, o kt\u00f3rym mowa w ust. VI pkt 1 niniejszych og\u00f3lnych warunk\u00f3w zlecenia, Zleceniodawca zobowi\u0105zany jest do zap\u0142aty na rzecz RANVIER kary umownej w kwocie 50euro za ka\u017cd\u0105 rozpocz\u0119t\u0105 godzin\u0119 postoju, pocz\u0105wszy od pierwszej godziny ponad czas wolnego postoju.<\/p>\n<p><strong>IV. Odpowiedzialno\u015b\u0107 RANVIER<\/strong><\/p>\n<p>1. RANVIER ponosi odpowiedzialno\u015b\u0107 wy\u0142\u0105cznie za szkod\u0119 wyrz\u0105dzon\u0105 Zleceniodawcy z winy umy\u015blnej. Wy\u0142\u0105czone jest ustanowienie kary umownej za szkod\u0119 powsta\u0142\u0105 wskutek niewykonania lub nienale\u017cytego wykonania umowy z innej przyczyny, ani\u017celi wina umy\u015blna RANVIER.<\/p>\n<p>2. Okoliczno\u015b\u0107, \u017ce dzia\u0142anie lub zaniechanie RANVIER, z kt\u00f3rego szkoda wynik\u0142a, stanowi\u0142o niewykonanie lub nienale\u017cyte wykonanie zobowi\u0105zania, wy\u0142\u0105cza roszczenia Zleceniodawcy o naprawienie szkody z tytu\u0142u czynu niedozwolonego.<\/p>\n<p>3. \u017badne z postanowie\u0144 umowy zawartej pomi\u0119dzy RANVIER i Zleceniodawc\u0105 nie uchyla jakiegokolwiek wy\u0142\u0105czenia lub ograniczenia odpowiedzialno\u015bci RANVIER wynikaj\u0105cych z niniejszych og\u00f3lnych warunk\u00f3w zlecenia lub z powszechnie obowi\u0105zuj\u0105cych przepis\u00f3w prawa.<\/p>\n<p>4. Wysoko\u015b\u0107 odszkodowania dochodzonego od RANVIER nie mo\u017ce przekroczy\u0107 kwoty, do kt\u00f3rej ograniczona jest jego odpowiedzialno\u015b\u0107. Granic\u0119 odpowiedzialno\u015bci RANVIER wyznacza udowodniona warto\u015b\u0107 poniesionej szkody<strong>&nbsp;<\/strong><\/p>\n<p><strong>V. W\u0142a\u015bciwo\u015b\u0107 s\u0105du<\/strong><\/p>\n<p>1. S\u0105dem wy\u0142\u0105cznie w\u0142a\u015bciwym dla spor\u00f3w wynikaj\u0105cych z um\u00f3w zawartych w trybie okre\u015blonym w niniejszych og\u00f3lnych warunkach zlecenia jest s\u0105d w\u0142a\u015bciwy ze wzgl\u0119du na miejsce siedziby RANVIER.<\/p>\n<p>2. \u017badne z postanowie\u0144 umowy zawartej pomi\u0119dzy RANVIER i Zleceniodawc\u0105 nie uchyla wy\u0142\u0105cznej w\u0142a\u015bciwo\u015bci s\u0105du, o kt\u00f3rej mowa w pkt. 1.<\/p>\n<p>3. Do um\u00f3w zawartych w trybie okre\u015blonym w niniejszych og\u00f3lnych warunkach zlecenia nie b\u0119d\u0105 mia\u0142y zastosowania postanowienia wzorca umownego Zleceniodawcy dotycz\u0105ce w\u0142a\u015bciwo\u015bci s\u0105du.<\/p>\n<p>4. Wyznaczenie s\u0105du wy\u0142\u0105cznie w\u0142a\u015bciwego zgodnie z pkt. 1 \u20133 nie dotyczy wy\u0142\u0105cznej w\u0142a\u015bciwo\u015bci s\u0105du wynikaj\u0105cej z powszechnie obowi\u0105zuj\u0105cych przepis\u00f3w prawa.<\/p>\n<p><!-- \/wp:list --><\/p>\n<p><!-- wp:paragraph --><\/p>\n<p><strong>VI. Postanowienia ko\u0144cowe<\/strong><\/p>\n<p><!-- \/wp:paragraph --><\/p>\n<p><!-- wp:paragraph --><\/p>\n<p>1. Za czas wolnego postoju uznaje si\u0119 pierwsze 5 godzin postoju. W przypadku realizacji dostaw terminowych (klauzula \u201etermin fix\u201d) za czas wolnego postoju uznaje si\u0119 pierwsze 2 godziny postoju.<\/p>\n<p><!-- \/wp:paragraph --><\/p>\n<p><!-- wp:paragraph --><\/p>\n<p>2. RANVIER nie akceptuje opcji SKONTO jako warunku realizacji zlecenia. Niniejsze og\u00f3lne warunki zlecenia wy\u0142\u0105czaj\u0105 opcj\u0119 SKONTO jako warunek realizacji zlecenia, za wyj\u0105tkiem, gdy RANVIER wyra\u017anie wyrazi\u0142 na taki warunek zgod\u0119.<\/p>\n<p><!-- \/wp:paragraph --><\/p>\n<p><!-- wp:paragraph --><\/p>\n<p>4. RANVIER zastrzega sobie prawo do odszkodowania uzupe\u0142niaj\u0105cego, przewy\u017cszaj\u0105cego wysoko\u015b\u0107 zastrze\u017conych kar umownych do wysoko\u015bci rzeczywi\u015bcie poniesionej szkody<\/p>\n<p><!-- \/wp:paragraph --><\/p>\t\t\t\t\t\t<\/div>\n\t\t\t\t<\/div>\n\t\t\t\t\t<\/div>\n\t\t<\/div>\n\t\t\t\t\t<\/div>\n\t\t<\/section>\n\t\t\t\t<\/div>\n\t\t","protected":false},"excerpt":{"rendered":"<p>Og\u00f3lne Warunki Wsp\u00f3\u0142pracyRanvier Anna Korzybska z siedzib\u0105 w Przysieku I. Postanowienia og\u00f3lne 1. Niniejszy regulamin okre\u015bla zasady na jakich Zleceniobiorca [&hellip;]<\/p>\n","protected":false},"author":1,"featured_media":0,"parent":0,"menu_order":0,"comment_status":"closed","ping_status":"closed","template":"elementor_canvas","meta":{"footnotes":""},"yoast_head":"<!-- This site is optimized with the Yoast SEO plugin v23.0 - https:\/\/yoast.com\/wordpress\/plugins\/seo\/ -->\n<title>Og\u00f3lne warunki wsp\u00f3\u0142pracy - Ranvier Sp. z o.o.<\/title>\n<meta name=\"robots\" content=\"noindex, nofollow\" \/>\n<meta property=\"og:locale\" content=\"pl_PL\" \/>\n<meta property=\"og:type\" content=\"article\" \/>\n<meta property=\"og:title\" content=\"Og\u00f3lne warunki wsp\u00f3\u0142pracy - Ranvier Sp. z o.o.\" \/>\n<meta property=\"og:description\" content=\"Og\u00f3lne Warunki Wsp\u00f3\u0142pracyRanvier Anna Korzybska z siedzib\u0105 w Przysieku I. Postanowienia og\u00f3lne 1. Niniejszy regulamin okre\u015bla zasady na jakich Zleceniobiorca [&hellip;]\" \/>\n<meta property=\"og:url\" content=\"https:\/\/www.ranvier.pl\/index.php\/ogolne-warunki-wspolpracy\/\" \/>\n<meta property=\"og:site_name\" content=\"Ranvier Sp. z o.o.\" \/>\n<meta property=\"article:modified_time\" content=\"2024-02-03T12:42:54+00:00\" \/>\n<meta property=\"og:image\" content=\"https:\/\/www.ranvier.pl\/wp-content\/uploads\/2024\/06\/cropped-obraze-ranvier-www.png\" \/>\n\t<meta property=\"og:image:width\" content=\"512\" \/>\n\t<meta property=\"og:image:height\" content=\"512\" \/>\n\t<meta property=\"og:image:type\" content=\"image\/png\" \/>\n<meta name=\"twitter:card\" content=\"summary_large_image\" \/>\n<meta name=\"twitter:label1\" content=\"Szacowany czas czytania\" \/>\n\t<meta name=\"twitter:data1\" content=\"8 minut\" \/>\n<script type=\"application\/ld+json\" class=\"yoast-schema-graph\">{\"@context\":\"https:\/\/schema.org\",\"@graph\":[{\"@type\":\"WebPage\",\"@id\":\"https:\/\/www.ranvier.pl\/index.php\/ogolne-warunki-wspolpracy\/\",\"url\":\"https:\/\/www.ranvier.pl\/index.php\/ogolne-warunki-wspolpracy\/\",\"name\":\"Og\u00f3lne warunki wsp\u00f3\u0142pracy - Ranvier Sp. z o.o.\",\"isPartOf\":{\"@id\":\"https:\/\/www.ranvier.pl\/#website\"},\"datePublished\":\"2021-09-12T17:15:06+00:00\",\"dateModified\":\"2024-02-03T12:42:54+00:00\",\"breadcrumb\":{\"@id\":\"https:\/\/www.ranvier.pl\/index.php\/ogolne-warunki-wspolpracy\/#breadcrumb\"},\"inLanguage\":\"pl-PL\",\"potentialAction\":[{\"@type\":\"ReadAction\",\"target\":[\"https:\/\/www.ranvier.pl\/index.php\/ogolne-warunki-wspolpracy\/\"]}]},{\"@type\":\"BreadcrumbList\",\"@id\":\"https:\/\/www.ranvier.pl\/index.php\/ogolne-warunki-wspolpracy\/#breadcrumb\",\"itemListElement\":[{\"@type\":\"ListItem\",\"position\":1,\"name\":\"Strona g\u0142\u00f3wna\",\"item\":\"https:\/\/www.ranvier.pl\/\"},{\"@type\":\"ListItem\",\"position\":2,\"name\":\"Og\u00f3lne warunki wsp\u00f3\u0142pracy\"}]},{\"@type\":\"WebSite\",\"@id\":\"https:\/\/www.ranvier.pl\/#website\",\"url\":\"https:\/\/www.ranvier.pl\/\",\"name\":\"Ranvier Anna Korzybska\",\"description\":\"To my gonimy terminy!\",\"publisher\":{\"@id\":\"https:\/\/www.ranvier.pl\/#organization\"},\"alternateName\":\"Ranvier\",\"potentialAction\":[{\"@type\":\"SearchAction\",\"target\":{\"@type\":\"EntryPoint\",\"urlTemplate\":\"https:\/\/www.ranvier.pl\/?s={search_term_string}\"},\"query-input\":\"required name=search_term_string\"}],\"inLanguage\":\"pl-PL\"},{\"@type\":\"Organization\",\"@id\":\"https:\/\/www.ranvier.pl\/#organization\",\"name\":\"Ranvier Anna Korzybska\",\"alternateName\":\"Ranvier\",\"url\":\"https:\/\/www.ranvier.pl\/\",\"logo\":{\"@type\":\"ImageObject\",\"inLanguage\":\"pl-PL\",\"@id\":\"https:\/\/www.ranvier.pl\/#\/schema\/logo\/image\/\",\"url\":\"https:\/\/www.ranvier.pl\/wp-content\/uploads\/2024\/06\/cropped-obraze-ranvier-www.png\",\"contentUrl\":\"https:\/\/www.ranvier.pl\/wp-content\/uploads\/2024\/06\/cropped-obraze-ranvier-www.png\",\"width\":512,\"height\":512,\"caption\":\"Ranvier Anna Korzybska\"},\"image\":{\"@id\":\"https:\/\/www.ranvier.pl\/#\/schema\/logo\/image\/\"}}]}<\/script>\n<!-- \/ Yoast SEO plugin. -->","yoast_head_json":{"title":"Og\u00f3lne warunki wsp\u00f3\u0142pracy - Ranvier Sp. z o.o.","robots":{"index":"noindex","follow":"nofollow"},"og_locale":"pl_PL","og_type":"article","og_title":"Og\u00f3lne warunki wsp\u00f3\u0142pracy - Ranvier Sp. z o.o.","og_description":"Og\u00f3lne Warunki Wsp\u00f3\u0142pracyRanvier Anna Korzybska z siedzib\u0105 w Przysieku I. Postanowienia og\u00f3lne 1. Niniejszy regulamin okre\u015bla zasady na jakich Zleceniobiorca [&hellip;]","og_url":"https:\/\/www.ranvier.pl\/index.php\/ogolne-warunki-wspolpracy\/","og_site_name":"Ranvier Sp. z o.o.","article_modified_time":"2024-02-03T12:42:54+00:00","og_image":[{"width":512,"height":512,"url":"https:\/\/www.ranvier.pl\/wp-content\/uploads\/2024\/06\/cropped-obraze-ranvier-www.png","type":"image\/png"}],"twitter_card":"summary_large_image","twitter_misc":{"Szacowany czas czytania":"8 minut"},"schema":{"@context":"https:\/\/schema.org","@graph":[{"@type":"WebPage","@id":"https:\/\/www.ranvier.pl\/index.php\/ogolne-warunki-wspolpracy\/","url":"https:\/\/www.ranvier.pl\/index.php\/ogolne-warunki-wspolpracy\/","name":"Og\u00f3lne warunki wsp\u00f3\u0142pracy - Ranvier Sp. z o.o.","isPartOf":{"@id":"https:\/\/www.ranvier.pl\/#website"},"datePublished":"2021-09-12T17:15:06+00:00","dateModified":"2024-02-03T12:42:54+00:00","breadcrumb":{"@id":"https:\/\/www.ranvier.pl\/index.php\/ogolne-warunki-wspolpracy\/#breadcrumb"},"inLanguage":"pl-PL","potentialAction":[{"@type":"ReadAction","target":["https:\/\/www.ranvier.pl\/index.php\/ogolne-warunki-wspolpracy\/"]}]},{"@type":"BreadcrumbList","@id":"https:\/\/www.ranvier.pl\/index.php\/ogolne-warunki-wspolpracy\/#breadcrumb","itemListElement":[{"@type":"ListItem","position":1,"name":"Strona g\u0142\u00f3wna","item":"https:\/\/www.ranvier.pl\/"},{"@type":"ListItem","position":2,"name":"Og\u00f3lne warunki wsp\u00f3\u0142pracy"}]},{"@type":"WebSite","@id":"https:\/\/www.ranvier.pl\/#website","url":"https:\/\/www.ranvier.pl\/","name":"Ranvier Anna Korzybska","description":"To my gonimy terminy!","publisher":{"@id":"https:\/\/www.ranvier.pl\/#organization"},"alternateName":"Ranvier","potentialAction":[{"@type":"SearchAction","target":{"@type":"EntryPoint","urlTemplate":"https:\/\/www.ranvier.pl\/?s={search_term_string}"},"query-input":"required name=search_term_string"}],"inLanguage":"pl-PL"},{"@type":"Organization","@id":"https:\/\/www.ranvier.pl\/#organization","name":"Ranvier Anna Korzybska","alternateName":"Ranvier","url":"https:\/\/www.ranvier.pl\/","logo":{"@type":"ImageObject","inLanguage":"pl-PL","@id":"https:\/\/www.ranvier.pl\/#\/schema\/logo\/image\/","url":"https:\/\/www.ranvier.pl\/wp-content\/uploads\/2024\/06\/cropped-obraze-ranvier-www.png","contentUrl":"https:\/\/www.ranvier.pl\/wp-content\/uploads\/2024\/06\/cropped-obraze-ranvier-www.png","width":512,"height":512,"caption":"Ranvier Anna Korzybska"},"image":{"@id":"https:\/\/www.ranvier.pl\/#\/schema\/logo\/image\/"}}]}},"_links":{"self":[{"href":"https:\/\/www.ranvier.pl\/index.php\/wp-json\/wp\/v2\/pages\/855"}],"collection":[{"href":"https:\/\/www.ranvier.pl\/index.php\/wp-json\/wp\/v2\/pages"}],"about":[{"href":"https:\/\/www.ranvier.pl\/index.php\/wp-json\/wp\/v2\/types\/page"}],"author":[{"embeddable":true,"href":"https:\/\/www.ranvier.pl\/index.php\/wp-json\/wp\/v2\/users\/1"}],"replies":[{"embeddable":true,"href":"https:\/\/www.ranvier.pl\/index.php\/wp-json\/wp\/v2\/comments?post=855"}],"version-history":[{"count":8,"href":"https:\/\/www.ranvier.pl\/index.php\/wp-json\/wp\/v2\/pages\/855\/revisions"}],"predecessor-version":[{"id":865,"href":"https:\/\/www.ranvier.pl\/index.php\/wp-json\/wp\/v2\/pages\/855\/revisions\/865"}],"wp:attachment":[{"href":"https:\/\/www.ranvier.pl\/index.php\/wp-json\/wp\/v2\/media?parent=855"}],"curies":[{"name":"wp","href":"https:\/\/api.w.org\/{rel}","templated":true}]}}