{"id":874,"date":"2021-09-13T09:12:28","date_gmt":"2021-09-13T09:12:28","guid":{"rendered":"https:\/\/www.ranvier.pl\/?page_id=874"},"modified":"2024-07-31T18:47:57","modified_gmt":"2024-07-31T18:47:57","slug":"realizacje","status":"publish","type":"page","link":"https:\/\/www.ranvier.pl\/index.php\/realizacje\/","title":{"rendered":"Realizacje"},"content":{"rendered":"\t\t<div data-elementor-type=\"wp-page\" data-elementor-id=\"874\" class=\"elementor elementor-874\">\n\t\t\t\t<div class=\"elementor-element elementor-element-bb7da57 e-flex e-con-boxed e-con e-parent\" data-id=\"bb7da57\" data-element_type=\"container\">\n\t\t\t\t\t<div class=\"e-con-inner\">\n\t\t\t\t\t<\/div>\n\t\t\t\t<\/div>\n\t\t\t\t<\/div>\n\t\t","protected":false},"excerpt":{"rendered":"","protected":false},"author":1,"featured_media":0,"parent":0,"menu_order":2,"comment_status":"closed","ping_status":"closed","template":"page-templates\/template_page-builder.php","meta":{"footnotes":""},"yoast_head":"<!-- This site is optimized with the Yoast SEO plugin v23.0 - https:\/\/yoast.com\/wordpress\/plugins\/seo\/ -->\n<title>Realizacje - Ranvier Sp. z o.o.<\/title>\n<meta name=\"description\" content=\"Na tej stronie znajdziesz kilka zdj\u0119\u0107, na kt\u00f3rych uj\u0119li\u015bmy prac\u0119 naszych kierowc\u00f3w, logistyk\u00f3w i koordynator\u00f3w.\" \/>\n<meta name=\"robots\" content=\"index, follow, max-snippet:-1, max-image-preview:large, max-video-preview:-1\" \/>\n<link rel=\"canonical\" href=\"https:\/\/www.ranvier.pl\/index.php\/realizacje\/\" \/>\n<meta property=\"og:locale\" content=\"pl_PL\" \/>\n<meta property=\"og:type\" content=\"article\" \/>\n<meta property=\"og:title\" content=\"Realizacje - Ranvier Sp. z o.o.\" \/>\n<meta property=\"og:description\" content=\"Na tej stronie znajdziesz kilka zdj\u0119\u0107, na kt\u00f3rych uj\u0119li\u015bmy prac\u0119 naszych kierowc\u00f3w, logistyk\u00f3w i koordynator\u00f3w.\" \/>\n<meta property=\"og:url\" content=\"https:\/\/www.ranvier.pl\/index.php\/realizacje\/\" \/>\n<meta property=\"og:site_name\" content=\"Ranvier Sp. z o.o.\" \/>\n<meta property=\"article:modified_time\" content=\"2024-07-31T18:47:57+00:00\" \/>\n<meta property=\"og:image\" content=\"https:\/\/www.ranvier.pl\/wp-content\/uploads\/2021\/09\/Rampa-150x150.jpg\" \/>\n<meta name=\"twitter:card\" content=\"summary_large_image\" \/>\n<meta name=\"twitter:label1\" content=\"Szacowany czas czytania\" \/>\n\t<meta name=\"twitter:data1\" content=\"3 minuty\" \/>\n<script type=\"application\/ld+json\" class=\"yoast-schema-graph\">{\"@context\":\"https:\/\/schema.org\",\"@graph\":[{\"@type\":\"WebPage\",\"@id\":\"https:\/\/www.ranvier.pl\/index.php\/realizacje\/\",\"url\":\"https:\/\/www.ranvier.pl\/index.php\/realizacje\/\",\"name\":\"Realizacje - Ranvier Sp. z o.o.\",\"isPartOf\":{\"@id\":\"https:\/\/www.ranvier.pl\/#website\"},\"primaryImageOfPage\":{\"@id\":\"https:\/\/www.ranvier.pl\/index.php\/realizacje\/#primaryimage\"},\"image\":{\"@id\":\"https:\/\/www.ranvier.pl\/index.php\/realizacje\/#primaryimage\"},\"thumbnailUrl\":\"https:\/\/www.ranvier.pl\/wp-content\/uploads\/2021\/09\/Rampa-150x150.jpg\",\"datePublished\":\"2021-09-13T09:12:28+00:00\",\"dateModified\":\"2024-07-31T18:47:57+00:00\",\"description\":\"Na tej stronie znajdziesz kilka zdj\u0119\u0107, na kt\u00f3rych uj\u0119li\u015bmy prac\u0119 naszych kierowc\u00f3w, logistyk\u00f3w i koordynator\u00f3w.\",\"breadcrumb\":{\"@id\":\"https:\/\/www.ranvier.pl\/index.php\/realizacje\/#breadcrumb\"},\"inLanguage\":\"pl-PL\",\"potentialAction\":[{\"@type\":\"ReadAction\",\"target\":[\"https:\/\/www.ranvier.pl\/index.php\/realizacje\/\"]}]},{\"@type\":\"ImageObject\",\"inLanguage\":\"pl-PL\",\"@id\":\"https:\/\/www.ranvier.pl\/index.php\/realizacje\/#primaryimage\",\"url\":\"https:\/\/www.ranvier.pl\/wp-content\/uploads\/2021\/09\/Rampa-scaled.jpg\",\"contentUrl\":\"https:\/\/www.ranvier.pl\/wp-content\/uploads\/2021\/09\/Rampa-scaled.jpg\",\"width\":2560,\"height\":1642},{\"@type\":\"BreadcrumbList\",\"@id\":\"https:\/\/www.ranvier.pl\/index.php\/realizacje\/#breadcrumb\",\"itemListElement\":[{\"@type\":\"ListItem\",\"position\":1,\"name\":\"Strona g\u0142\u00f3wna\",\"item\":\"https:\/\/www.ranvier.pl\/\"},{\"@type\":\"ListItem\",\"position\":2,\"name\":\"Realizacje\"}]},{\"@type\":\"WebSite\",\"@id\":\"https:\/\/www.ranvier.pl\/#website\",\"url\":\"https:\/\/www.ranvier.pl\/\",\"name\":\"Ranvier Anna Korzybska\",\"description\":\"To my gonimy terminy!\",\"publisher\":{\"@id\":\"https:\/\/www.ranvier.pl\/#organization\"},\"alternateName\":\"Ranvier\",\"potentialAction\":[{\"@type\":\"SearchAction\",\"target\":{\"@type\":\"EntryPoint\",\"urlTemplate\":\"https:\/\/www.ranvier.pl\/?s={search_term_string}\"},\"query-input\":\"required name=search_term_string\"}],\"inLanguage\":\"pl-PL\"},{\"@type\":\"Organization\",\"@id\":\"https:\/\/www.ranvier.pl\/#organization\",\"name\":\"Ranvier Anna Korzybska\",\"alternateName\":\"Ranvier\",\"url\":\"https:\/\/www.ranvier.pl\/\",\"logo\":{\"@type\":\"ImageObject\",\"inLanguage\":\"pl-PL\",\"@id\":\"https:\/\/www.ranvier.pl\/#\/schema\/logo\/image\/\",\"url\":\"https:\/\/www.ranvier.pl\/wp-content\/uploads\/2024\/06\/cropped-obraze-ranvier-www.png\",\"contentUrl\":\"https:\/\/www.ranvier.pl\/wp-content\/uploads\/2024\/06\/cropped-obraze-ranvier-www.png\",\"width\":512,\"height\":512,\"caption\":\"Ranvier Anna Korzybska\"},\"image\":{\"@id\":\"https:\/\/www.ranvier.pl\/#\/schema\/logo\/image\/\"}}]}<\/script>\n<!-- \/ Yoast SEO plugin. -->","yoast_head_json":{"title":"Realizacje - Ranvier Sp. z o.o.","description":"Na tej stronie znajdziesz kilka zdj\u0119\u0107, na kt\u00f3rych uj\u0119li\u015bmy prac\u0119 naszych kierowc\u00f3w, logistyk\u00f3w i koordynator\u00f3w.","robots":{"index":"index","follow":"follow","max-snippet":"max-snippet:-1","max-image-preview":"max-image-preview:large","max-video-preview":"max-video-preview:-1"},"canonical":"https:\/\/www.ranvier.pl\/index.php\/realizacje\/","og_locale":"pl_PL","og_type":"article","og_title":"Realizacje - Ranvier Sp. z o.o.","og_description":"Na tej stronie znajdziesz kilka zdj\u0119\u0107, na kt\u00f3rych uj\u0119li\u015bmy prac\u0119 naszych kierowc\u00f3w, logistyk\u00f3w i koordynator\u00f3w.","og_url":"https:\/\/www.ranvier.pl\/index.php\/realizacje\/","og_site_name":"Ranvier Sp. z o.o.","article_modified_time":"2024-07-31T18:47:57+00:00","og_image":[{"url":"https:\/\/www.ranvier.pl\/wp-content\/uploads\/2021\/09\/Rampa-150x150.jpg"}],"twitter_card":"summary_large_image","twitter_misc":{"Szacowany czas czytania":"3 minuty"},"schema":{"@context":"https:\/\/schema.org","@graph":[{"@type":"WebPage","@id":"https:\/\/www.ranvier.pl\/index.php\/realizacje\/","url":"https:\/\/www.ranvier.pl\/index.php\/realizacje\/","name":"Realizacje - Ranvier Sp. z o.o.","isPartOf":{"@id":"https:\/\/www.ranvier.pl\/#website"},"primaryImageOfPage":{"@id":"https:\/\/www.ranvier.pl\/index.php\/realizacje\/#primaryimage"},"image":{"@id":"https:\/\/www.ranvier.pl\/index.php\/realizacje\/#primaryimage"},"thumbnailUrl":"https:\/\/www.ranvier.pl\/wp-content\/uploads\/2021\/09\/Rampa-150x150.jpg","datePublished":"2021-09-13T09:12:28+00:00","dateModified":"2024-07-31T18:47:57+00:00","description":"Na tej stronie znajdziesz kilka zdj\u0119\u0107, na kt\u00f3rych uj\u0119li\u015bmy prac\u0119 naszych kierowc\u00f3w, logistyk\u00f3w i koordynator\u00f3w.","breadcrumb":{"@id":"https:\/\/www.ranvier.pl\/index.php\/realizacje\/#breadcrumb"},"inLanguage":"pl-PL","potentialAction":[{"@type":"ReadAction","target":["https:\/\/www.ranvier.pl\/index.php\/realizacje\/"]}]},{"@type":"ImageObject","inLanguage":"pl-PL","@id":"https:\/\/www.ranvier.pl\/index.php\/realizacje\/#primaryimage","url":"https:\/\/www.ranvier.pl\/wp-content\/uploads\/2021\/09\/Rampa-scaled.jpg","contentUrl":"https:\/\/www.ranvier.pl\/wp-content\/uploads\/2021\/09\/Rampa-scaled.jpg","width":2560,"height":1642},{"@type":"BreadcrumbList","@id":"https:\/\/www.ranvier.pl\/index.php\/realizacje\/#breadcrumb","itemListElement":[{"@type":"ListItem","position":1,"name":"Strona g\u0142\u00f3wna","item":"https:\/\/www.ranvier.pl\/"},{"@type":"ListItem","position":2,"name":"Realizacje"}]},{"@type":"WebSite","@id":"https:\/\/www.ranvier.pl\/#website","url":"https:\/\/www.ranvier.pl\/","name":"Ranvier Anna Korzybska","description":"To my gonimy terminy!","publisher":{"@id":"https:\/\/www.ranvier.pl\/#organization"},"alternateName":"Ranvier","potentialAction":[{"@type":"SearchAction","target":{"@type":"EntryPoint","urlTemplate":"https:\/\/www.ranvier.pl\/?s={search_term_string}"},"query-input":"required name=search_term_string"}],"inLanguage":"pl-PL"},{"@type":"Organization","@id":"https:\/\/www.ranvier.pl\/#organization","name":"Ranvier Anna Korzybska","alternateName":"Ranvier","url":"https:\/\/www.ranvier.pl\/","logo":{"@type":"ImageObject","inLanguage":"pl-PL","@id":"https:\/\/www.ranvier.pl\/#\/schema\/logo\/image\/","url":"https:\/\/www.ranvier.pl\/wp-content\/uploads\/2024\/06\/cropped-obraze-ranvier-www.png","contentUrl":"https:\/\/www.ranvier.pl\/wp-content\/uploads\/2024\/06\/cropped-obraze-ranvier-www.png","width":512,"height":512,"caption":"Ranvier Anna Korzybska"},"image":{"@id":"https:\/\/www.ranvier.pl\/#\/schema\/logo\/image\/"}}]}},"_links":{"self":[{"href":"https:\/\/www.ranvier.pl\/index.php\/wp-json\/wp\/v2\/pages\/874"}],"collection":[{"href":"https:\/\/www.ranvier.pl\/index.php\/wp-json\/wp\/v2\/pages"}],"about":[{"href":"https:\/\/www.ranvier.pl\/index.php\/wp-json\/wp\/v2\/types\/page"}],"author":[{"embeddable":true,"href":"https:\/\/www.ranvier.pl\/index.php\/wp-json\/wp\/v2\/users\/1"}],"replies":[{"embeddable":true,"href":"https:\/\/www.ranvier.pl\/index.php\/wp-json\/wp\/v2\/comments?post=874"}],"version-history":[{"count":34,"href":"https:\/\/www.ranvier.pl\/index.php\/wp-json\/wp\/v2\/pages\/874\/revisions"}],"predecessor-version":[{"id":1313,"href":"https:\/\/www.ranvier.pl\/index.php\/wp-json\/wp\/v2\/pages\/874\/revisions\/1313"}],"wp:attachment":[{"href":"https:\/\/www.ranvier.pl\/index.php\/wp-json\/wp\/v2\/media?parent=874"}],"curies":[{"name":"wp","href":"https:\/\/api.w.org\/{rel}","templated":true}]}}